{"id":259,"date":"2023-03-08T13:25:25","date_gmt":"2023-03-08T12:25:25","guid":{"rendered":"http:\/\/rehason.pl\/?page_id=259"},"modified":"2023-03-17T10:02:22","modified_gmt":"2023-03-17T09:02:22","slug":"osteopatia","status":"publish","type":"page","link":"https:\/\/rehason.pl\/index.php\/osteopatia\/","title":{"rendered":"Osteopatia"},"content":{"rendered":"\t\t<div data-elementor-type=\"wp-page\" data-elementor-id=\"259\" class=\"elementor elementor-259\">\n\t\t\t\t\t\t\t\t\t<section class=\"elementor-section elementor-top-section elementor-element elementor-element-1f12afeb elementor-section-height-min-height elementor-section-boxed elementor-section-height-default elementor-section-items-middle\" data-id=\"1f12afeb\" data-element_type=\"section\" data-settings=\"{&quot;background_background&quot;:&quot;classic&quot;}\">\n\t\t\t\t\t\t\t<div class=\"elementor-background-overlay\"><\/div>\n\t\t\t\t\t\t\t<div class=\"elementor-container elementor-column-gap-no\">\n\t\t\t\t\t<div class=\"elementor-column elementor-col-100 elementor-top-column elementor-element elementor-element-48d134f6\" data-id=\"48d134f6\" data-element_type=\"column\">\n\t\t\t<div class=\"elementor-widget-wrap elementor-element-populated\">\n\t\t\t\t\t\t\t\t<div class=\"elementor-element elementor-element-6eb8affd elementor-widget elementor-widget-heading\" data-id=\"6eb8affd\" data-element_type=\"widget\" data-widget_type=\"heading.default\">\n\t\t\t\t<div class=\"elementor-widget-container\">\n\t\t\t<style>\/*! elementor - v3.11.2 - 22-02-2023 *\/\n.elementor-heading-title{padding:0;margin:0;line-height:1}.elementor-widget-heading .elementor-heading-title[class*=elementor-size-]>a{color:inherit;font-size:inherit;line-height:inherit}.elementor-widget-heading .elementor-heading-title.elementor-size-small{font-size:15px}.elementor-widget-heading .elementor-heading-title.elementor-size-medium{font-size:19px}.elementor-widget-heading .elementor-heading-title.elementor-size-large{font-size:29px}.elementor-widget-heading .elementor-heading-title.elementor-size-xl{font-size:39px}.elementor-widget-heading .elementor-heading-title.elementor-size-xxl{font-size:59px}<\/style><h2 class=\"elementor-heading-title elementor-size-default\">Osteopatia<\/h2>\t\t<\/div>\n\t\t\t\t<\/div>\n\t\t\t\t\t<\/div>\n\t\t<\/div>\n\t\t\t\t\t\t\t<\/div>\n\t\t<\/section>\n\t\t\t\t<section class=\"elementor-section elementor-top-section elementor-element elementor-element-6f28edb0 elementor-section-boxed elementor-section-height-default elementor-section-height-default\" data-id=\"6f28edb0\" data-element_type=\"section\" data-settings=\"{&quot;background_background&quot;:&quot;gradient&quot;}\">\n\t\t\t\t\t\t\t<div class=\"elementor-background-overlay\"><\/div>\n\t\t\t\t\t\t\t<div class=\"elementor-container elementor-column-gap-no\">\n\t\t\t\t\t<div class=\"elementor-column elementor-col-50 elementor-top-column elementor-element elementor-element-1b2e1433\" data-id=\"1b2e1433\" data-element_type=\"column\">\n\t\t\t<div class=\"elementor-widget-wrap elementor-element-populated\">\n\t\t\t\t\t\t\t\t<div class=\"elementor-element elementor-element-542332d9 elementor-widget elementor-widget-heading\" data-id=\"542332d9\" data-element_type=\"widget\" data-widget_type=\"heading.default\">\n\t\t\t\t<div class=\"elementor-widget-container\">\n\t\t\t<h2 class=\"elementor-heading-title elementor-size-default\">\nDla kogo?<\/h2>\t\t<\/div>\n\t\t\t\t<\/div>\n\t\t\t\t<div class=\"elementor-element elementor-element-404c728e elementor-widget elementor-widget-text-editor\" data-id=\"404c728e\" data-element_type=\"widget\" data-widget_type=\"text-editor.default\">\n\t\t\t\t<div class=\"elementor-widget-container\">\n\t\t\t<style>\/*! elementor - v3.11.2 - 22-02-2023 *\/\n.elementor-widget-text-editor.elementor-drop-cap-view-stacked .elementor-drop-cap{background-color:#818a91;color:#fff}.elementor-widget-text-editor.elementor-drop-cap-view-framed .elementor-drop-cap{color:#818a91;border:3px solid;background-color:transparent}.elementor-widget-text-editor:not(.elementor-drop-cap-view-default) .elementor-drop-cap{margin-top:8px}.elementor-widget-text-editor:not(.elementor-drop-cap-view-default) .elementor-drop-cap-letter{width:1em;height:1em}.elementor-widget-text-editor .elementor-drop-cap{float:left;text-align:center;line-height:1;font-size:50px}.elementor-widget-text-editor .elementor-drop-cap-letter{display:inline-block}<\/style>\t\t\t\t<p>Osteopatia \u0142\u0105czy w sobie akademick\u0105 wiedz\u0119 z anatomii, fizjologii i biomechaniki. To praca na wielu r\u00f3\u017cnorodnych tkankach i uk\u0142adach naszego organizmu. <\/p>\n<p>Organizm sk\u0142ada si\u0119 z wielu ko\u015bci, mi\u0119\u015bni, \u015bci\u0119gien, powi\u0119zi i wielu innych organ\u00f3w, \u015bci\u015ble ze sob\u0105 po\u0142\u0105czonych r\u00f3\u017cnymi obiegami. Te obiegi to np. uk\u0142ad nerwowy, krwiono\u015bny czy hormonalny. Poszczeg\u00f3lne kom\u00f3rki cia\u0142a ci\u0105gle s\u0105 ze sob\u0105 w kontakcie \u2013 przekazuj\u0105 sobie r\u00f3\u017cne komunikaty czy reakcje. W ten spos\u00f3b tworzy si\u0119 wielka sie\u0107 r\u00f3\u017cnych zale\u017cno\u015bci, np. mi\u0119dzy narz\u0105dami wewn\u0119trznymi, a uk\u0142adem ruchu. Efekt? Uporczywy b\u00f3l barku, wcale nie musi mie\u0107 swojej przyczyny, tam gdzie si\u0119 spodziewasz. Mo\u017ce wynika\u0107 np. z dysfunkcji pracy w\u0105troby. Dlatego tak wa\u017cna jest holistyczna perspektywa.<\/p>\n<p>Ka\u017cdy organizm potrafi samodzielnie si\u0119 regulowa\u0107, leczy\u0107 i utrzymywa\u0107 w stanie zdrowia. Cia\u0142o to niezwyk\u0142e dzie\u0142o natury. Pracuje przez ca\u0142\u0105 dob\u0119, niezale\u017cnie od \u015bwiadomo\u015bci. Czasem jednak mo\u017ce pojawi\u0107 si\u0119 problem, np. zbyt du\u017ce napi\u0119cie i stres mog\u0105 by\u0107 stale gromadzone w ciele. Nie jest to z\u0142o\u015bliwo\u015b\u0107 organizmu, a spos\u00f3b \u017ceby poradzi\u0107 sobie np. z \u0142adunkiem energetycznym jakie przynios\u0142y silne emocje. Dlatego czasem trzeba mu pom\u00f3c powr\u00f3ci\u0107 do pierwotnego stanu r\u00f3wnowagi, aby nadal m\u00f3g\u0142 samodzielnie prawid\u0142owo regulowa\u0107 wsp\u00f3\u0142prac\u0119 wewn\u0105trz narz\u0105d\u00f3w.<\/p>\t\t\t\t\t\t<\/div>\n\t\t\t\t<\/div>\n\t\t\t\t<div class=\"elementor-element elementor-element-6bfb6f63 elementor-align-left elementor-widget elementor-widget-button\" data-id=\"6bfb6f63\" data-element_type=\"widget\" data-widget_type=\"button.default\">\n\t\t\t\t<div class=\"elementor-widget-container\">\n\t\t\t\t\t<div class=\"elementor-button-wrapper\">\n\t\t\t<a href=\"\/index.php\/kontakt\" class=\"elementor-button-link elementor-button elementor-size-sm\" role=\"button\">\n\t\t\t\t\t\t<span class=\"elementor-button-content-wrapper\">\n\t\t\t\t\t\t<span class=\"elementor-button-text\">Skontaktuj si\u0119 z nami<\/span>\n\t\t<\/span>\n\t\t\t\t\t<\/a>\n\t\t<\/div>\n\t\t\t\t<\/div>\n\t\t\t\t<\/div>\n\t\t\t\t\t<\/div>\n\t\t<\/div>\n\t\t\t\t<div class=\"elementor-column elementor-col-50 elementor-top-column elementor-element elementor-element-20819851\" data-id=\"20819851\" data-element_type=\"column\" data-settings=\"{&quot;background_background&quot;:&quot;classic&quot;}\">\n\t\t\t<div class=\"elementor-widget-wrap elementor-element-populated\">\n\t\t\t\t\t\t\t\t<div class=\"elementor-element elementor-element-66141c78 elementor-widget elementor-widget-spacer\" data-id=\"66141c78\" data-element_type=\"widget\" data-widget_type=\"spacer.default\">\n\t\t\t\t<div class=\"elementor-widget-container\">\n\t\t\t<style>\/*! elementor - v3.11.2 - 22-02-2023 *\/\n.elementor-column .elementor-spacer-inner{height:var(--spacer-size)}.e-con{--container-widget-width:100%}.e-con-inner>.elementor-widget-spacer,.e-con>.elementor-widget-spacer{width:var(--container-widget-width,var(--spacer-size));--align-self:var(--container-widget-align-self,initial);--flex-shrink:0}.e-con-inner>.elementor-widget-spacer>.elementor-widget-container,.e-con-inner>.elementor-widget-spacer>.elementor-widget-container>.elementor-spacer,.e-con>.elementor-widget-spacer>.elementor-widget-container,.e-con>.elementor-widget-spacer>.elementor-widget-container>.elementor-spacer{height:100%}.e-con-inner>.elementor-widget-spacer>.elementor-widget-container>.elementor-spacer>.elementor-spacer-inner,.e-con>.elementor-widget-spacer>.elementor-widget-container>.elementor-spacer>.elementor-spacer-inner{height:var(--container-widget-height,var(--spacer-size))}<\/style>\t\t<div class=\"elementor-spacer\">\n\t\t\t<div class=\"elementor-spacer-inner\"><\/div>\n\t\t<\/div>\n\t\t\t\t<\/div>\n\t\t\t\t<\/div>\n\t\t\t\t\t<\/div>\n\t\t<\/div>\n\t\t\t\t\t\t\t<\/div>\n\t\t<\/section>\n\t\t\t\t\t\t\t<\/div>\n\t\t","protected":false},"excerpt":{"rendered":"<p>Osteopatia Dla kogo? Osteopatia \u0142\u0105czy w sobie akademick\u0105 wiedz\u0119 z anatomii, fizjologii i biomechaniki. To praca na wielu r\u00f3\u017cnorodnych tkankach i uk\u0142adach naszego organizmu. Organizm sk\u0142ada si\u0119 z wielu ko\u015bci, mi\u0119\u015bni, \u015bci\u0119gien, powi\u0119zi i wielu innych organ\u00f3w, \u015bci\u015ble ze sob\u0105 po\u0142\u0105czonych r\u00f3\u017cnymi obiegami. Te obiegi to np. uk\u0142ad nerwowy, krwiono\u015bny czy hormonalny. Poszczeg\u00f3lne kom\u00f3rki cia\u0142a ci\u0105gle s\u0105 ze sob\u0105 w [&hellip;]<\/p>\n","protected":false},"author":1,"featured_media":0,"parent":0,"menu_order":0,"comment_status":"closed","ping_status":"closed","template":"elementor_header_footer","meta":{"footnotes":""},"_links":{"self":[{"href":"https:\/\/rehason.pl\/index.php\/wp-json\/wp\/v2\/pages\/259"}],"collection":[{"href":"https:\/\/rehason.pl\/index.php\/wp-json\/wp\/v2\/pages"}],"about":[{"href":"https:\/\/rehason.pl\/index.php\/wp-json\/wp\/v2\/types\/page"}],"author":[{"embeddable":true,"href":"https:\/\/rehason.pl\/index.php\/wp-json\/wp\/v2\/users\/1"}],"replies":[{"embeddable":true,"href":"https:\/\/rehason.pl\/index.php\/wp-json\/wp\/v2\/comments?post=259"}],"version-history":[{"count":11,"href":"https:\/\/rehason.pl\/index.php\/wp-json\/wp\/v2\/pages\/259\/revisions"}],"predecessor-version":[{"id":738,"href":"https:\/\/rehason.pl\/index.php\/wp-json\/wp\/v2\/pages\/259\/revisions\/738"}],"wp:attachment":[{"href":"https:\/\/rehason.pl\/index.php\/wp-json\/wp\/v2\/media?parent=259"}],"curies":[{"name":"wp","href":"https:\/\/api.w.org\/{rel}","templated":true}]}}